{"id":2492,"date":"2015-12-22T11:50:08","date_gmt":"2015-12-22T10:50:08","guid":{"rendered":"http:\/\/sylco.nvandersom.dev.appsaloon.be\/de\/verzekeringen\/"},"modified":"2019-12-10T15:19:38","modified_gmt":"2019-12-10T13:19:38","slug":"glasbruchversicherung","status":"publish","type":"page","link":"https:\/\/sylcoautoglass.be\/de\/glasbruchversicherung\/","title":{"rendered":"Glasbruchversicherung"},"content":{"rendered":"<h3>Sind Sie gegen Glasbruch versichert? Vollkasko oder Teilkasko? Bei uns erhalten Sie immer Autoscheiben des jeweiligen Originalherstellers!<\/h3>\n<p>Ihre Versicherung berechnet Ihre Jahresbeitr\u00e4ge auf der Grundlage von kostspieligeren Originalersatzteilen. W\u00e4hlen Sie deshalb das aus, worauf Sie ein Recht haben: Eine neue Autoscheibe direkt vom zugelassenen H\u00e4ndler. Eine Originalwindschutzscheibe erkennen sie an der besseren Verarbeitung und an vorhandenen Markenzeichen, Logos oder Stempeln.<\/p>\n<p style=\"text-align: center;\">\n<p style=\"text-align: center;\"><a class=\"btn btn-sylco btn-sylco-slider\" title=\"Termin Vereinbaren\" href=\"http:\/\/www.sylcoautoglass.be\/de\/angebot\/\">Termin Vereinbaren<\/a><\/p>\n","protected":false},"excerpt":{"rendered":"<p>Sind Sie gegen Glasbruch versichert? Vollkasko oder Teilkasko? Bei uns erhalten Sie immer Autoscheiben des jeweiligen Originalherstellers! Ihre Versicherung berechnet &hellip; <a href=\"https:\/\/sylcoautoglass.be\/de\/glasbruchversicherung\/\">[&#8230;]<\/a><\/p>\n","protected":false},"author":9,"featured_media":423,"parent":0,"menu_order":0,"comment_status":"closed","ping_status":"closed","template":"template-verzekeringen.php","meta":{"_acf_changed":false,"_seopress_robots_primary_cat":"","_seopress_titles_title":"","_seopress_titles_desc":"","_seopress_robots_index":"","footnotes":""},"class_list":["post-2492","page","type-page","status-publish","has-post-thumbnail","hentry"],"acf":[],"_links":{"self":[{"href":"https:\/\/sylcoautoglass.be\/de\/wp-json\/wp\/v2\/pages\/2492","targetHints":{"allow":["GET"]}}],"collection":[{"href":"https:\/\/sylcoautoglass.be\/de\/wp-json\/wp\/v2\/pages"}],"about":[{"href":"https:\/\/sylcoautoglass.be\/de\/wp-json\/wp\/v2\/types\/page"}],"author":[{"embeddable":true,"href":"https:\/\/sylcoautoglass.be\/de\/wp-json\/wp\/v2\/users\/9"}],"replies":[{"embeddable":true,"href":"https:\/\/sylcoautoglass.be\/de\/wp-json\/wp\/v2\/comments?post=2492"}],"version-history":[{"count":0,"href":"https:\/\/sylcoautoglass.be\/de\/wp-json\/wp\/v2\/pages\/2492\/revisions"}],"wp:featuredmedia":[{"embeddable":true,"href":"https:\/\/sylcoautoglass.be\/de\/wp-json\/wp\/v2\/media\/423"}],"wp:attachment":[{"href":"https:\/\/sylcoautoglass.be\/de\/wp-json\/wp\/v2\/media?parent=2492"}],"curies":[{"name":"wp","href":"https:\/\/api.w.org\/{rel}","templated":true}]}}