{"id":2496,"date":"2015-12-22T12:08:03","date_gmt":"2015-12-22T11:08:03","guid":{"rendered":"http:\/\/sylco.nvandersom.dev.appsaloon.be\/de\/fleet\/"},"modified":"2019-12-09T16:27:25","modified_gmt":"2019-12-09T14:27:25","slug":"fahrzeugflotte","status":"publish","type":"page","link":"https:\/\/sylcoautoglass.be\/de\/fahrzeugflotte\/","title":{"rendered":"L\u00f6sungen f\u00fcr Ihre Fahrzeugflotte"},"content":{"rendered":"<h4>Sylco autoglass ist ein zuverl\u00e4ssiger Partner f\u00fcr Ihre Fahrzeugflotte. Sch\u00e4den an Ihrem Seitenfenster, Ihrer Windschutzscheibe oder Ihrer Heckscheibe? Wir reparieren oder ersetzen jede Autoscheibe an einem Ort Ihrer Wahl. Auch bei LKWs, Baggern und Traktoren stehen wir mit unserer mobilen Einheit bereit.<\/h4>\n<hr>\n","protected":false},"excerpt":{"rendered":"<p>Sylco autoglass ist ein zuverl\u00e4ssiger Partner f\u00fcr Ihre Fahrzeugflotte. Sch\u00e4den an Ihrem Seitenfenster, Ihrer Windschutzscheibe oder Ihrer Heckscheibe? Wir reparieren &hellip; <a href=\"https:\/\/sylcoautoglass.be\/de\/fahrzeugflotte\/\">[&#8230;]<\/a><\/p>\n","protected":false},"author":9,"featured_media":0,"parent":0,"menu_order":0,"comment_status":"closed","ping_status":"closed","template":"template-fleet.php","meta":{"_acf_changed":false,"_seopress_robots_primary_cat":"","_seopress_titles_title":"","_seopress_titles_desc":"","_seopress_robots_index":"","footnotes":""},"class_list":["post-2496","page","type-page","status-publish","hentry"],"acf":[],"_links":{"self":[{"href":"https:\/\/sylcoautoglass.be\/de\/wp-json\/wp\/v2\/pages\/2496","targetHints":{"allow":["GET"]}}],"collection":[{"href":"https:\/\/sylcoautoglass.be\/de\/wp-json\/wp\/v2\/pages"}],"about":[{"href":"https:\/\/sylcoautoglass.be\/de\/wp-json\/wp\/v2\/types\/page"}],"author":[{"embeddable":true,"href":"https:\/\/sylcoautoglass.be\/de\/wp-json\/wp\/v2\/users\/9"}],"replies":[{"embeddable":true,"href":"https:\/\/sylcoautoglass.be\/de\/wp-json\/wp\/v2\/comments?post=2496"}],"version-history":[{"count":0,"href":"https:\/\/sylcoautoglass.be\/de\/wp-json\/wp\/v2\/pages\/2496\/revisions"}],"wp:attachment":[{"href":"https:\/\/sylcoautoglass.be\/de\/wp-json\/wp\/v2\/media?parent=2496"}],"curies":[{"name":"wp","href":"https:\/\/api.w.org\/{rel}","templated":true}]}}