{"id":2392,"date":"2016-06-14T10:38:20","date_gmt":"2016-06-14T09:38:20","guid":{"rendered":"http:\/\/sylco.nvandersom.dev.appsaloon.be\/fr\/?page_id=2392"},"modified":"2019-12-10T15:19:14","modified_gmt":"2019-12-10T13:19:14","slug":"assurance-bris-de-glace","status":"publish","type":"page","link":"https:\/\/sylcoautoglass.be\/fr\/assurance-bris-de-glace\/","title":{"rendered":"Assurance bris de glace"},"content":{"rendered":"<h3>Vous \u00eates assur\u00e9 contre les bris de glace&nbsp;? Omnium ou petite Omnium&nbsp;? Chez Sylco, nous utilisons exclusivement des vitrages de qualit\u00e9 d&#8217;origine.<\/h3>\n<p>Votre compagnie d&#8217;assurances calcule votre police annuelle sur la base des pi\u00e8ces de rechange d&#8217;origine qui sont plus ch\u00e8res. Ne vous privez donc pas de ce \u00e0 quoi vous avez droit: un nouveau vitrage automobile fourni directement par votre concessionnaire. Il est possible de reconna\u00eetre un pare-brise de qualit\u00e9 d&#8217;origine gr\u00e2ce aux finitions raffin\u00e9es et \u00e0 la pr\u00e9sence de la marque ou du logo.<\/p>\n<p style=\"text-align: center;\">\n<p style=\"text-align: center;\"><a class=\"btn btn-sylco btn-sylco-slider\" title=\"Prenez rendez-vous\" href=\"http:\/\/www.sylcoautoglass.be\/fr\/devis\/\">Prenez rendez-vous<\/a><\/p>\n","protected":false},"excerpt":{"rendered":"<p>Vous \u00eates assur\u00e9 contre les bris de glace&nbsp;? Omnium ou petite Omnium&nbsp;? Chez Sylco, nous utilisons exclusivement des vitrages de &hellip; <a href=\"https:\/\/sylcoautoglass.be\/fr\/assurance-bris-de-glace\/\">[&#8230;]<\/a><\/p>\n","protected":false},"author":9,"featured_media":423,"parent":0,"menu_order":0,"comment_status":"closed","ping_status":"closed","template":"template-verzekeringen.php","meta":{"_acf_changed":false,"_seopress_robots_primary_cat":"","_seopress_titles_title":"","_seopress_titles_desc":"","_seopress_robots_index":"","footnotes":""},"class_list":["post-2392","page","type-page","status-publish","has-post-thumbnail","hentry"],"acf":[],"_links":{"self":[{"href":"https:\/\/sylcoautoglass.be\/fr\/wp-json\/wp\/v2\/pages\/2392","targetHints":{"allow":["GET"]}}],"collection":[{"href":"https:\/\/sylcoautoglass.be\/fr\/wp-json\/wp\/v2\/pages"}],"about":[{"href":"https:\/\/sylcoautoglass.be\/fr\/wp-json\/wp\/v2\/types\/page"}],"author":[{"embeddable":true,"href":"https:\/\/sylcoautoglass.be\/fr\/wp-json\/wp\/v2\/users\/9"}],"replies":[{"embeddable":true,"href":"https:\/\/sylcoautoglass.be\/fr\/wp-json\/wp\/v2\/comments?post=2392"}],"version-history":[{"count":0,"href":"https:\/\/sylcoautoglass.be\/fr\/wp-json\/wp\/v2\/pages\/2392\/revisions"}],"wp:featuredmedia":[{"embeddable":true,"href":"https:\/\/sylcoautoglass.be\/fr\/wp-json\/wp\/v2\/media\/423"}],"wp:attachment":[{"href":"https:\/\/sylcoautoglass.be\/fr\/wp-json\/wp\/v2\/media?parent=2392"}],"curies":[{"name":"wp","href":"https:\/\/api.w.org\/{rel}","templated":true}]}}