{"id":2396,"date":"2016-06-14T10:38:27","date_gmt":"2016-06-14T09:38:27","guid":{"rendered":"http:\/\/sylco.nvandersom.dev.appsaloon.be\/fr\/?page_id=2396"},"modified":"2019-12-10T15:43:05","modified_gmt":"2019-12-10T13:43:05","slug":"des-solutions-pour-votre-parc-automobile","status":"publish","type":"page","link":"https:\/\/sylcoautoglass.be\/fr\/des-solutions-pour-votre-parc-automobile\/","title":{"rendered":"Des solutions pour votre parc automobile"},"content":{"rendered":"<h4>Sylco autoglass est un partenaire fiable pour votre parc automobile. Des d\u00e9g\u00e2ts sur votre vitre lat\u00e9rale, votre pare-brise ou votre lunette arri\u00e8re? Nous r\u00e9parons ou rempla\u00e7ons vos vitrages, et ce, o\u00f9 vous voulez. Notre \u00e9quipe d&#8217;intervention se d\u00e9place \u00e9galement pour les camions, les pelleteuses et les tracteurs.<\/h4>\n<hr>\n","protected":false},"excerpt":{"rendered":"<p>Sylco autoglass est un partenaire fiable pour votre parc automobile. Des d\u00e9g\u00e2ts sur votre vitre lat\u00e9rale, votre pare-brise ou votre &hellip; <a href=\"https:\/\/sylcoautoglass.be\/fr\/des-solutions-pour-votre-parc-automobile\/\">[&#8230;]<\/a><\/p>\n","protected":false},"author":9,"featured_media":0,"parent":0,"menu_order":0,"comment_status":"closed","ping_status":"closed","template":"template-fleet.php","meta":{"_acf_changed":false,"_seopress_robots_primary_cat":"","_seopress_titles_title":"","_seopress_titles_desc":"","_seopress_robots_index":"","footnotes":""},"class_list":["post-2396","page","type-page","status-publish","hentry"],"acf":[],"_links":{"self":[{"href":"https:\/\/sylcoautoglass.be\/fr\/wp-json\/wp\/v2\/pages\/2396","targetHints":{"allow":["GET"]}}],"collection":[{"href":"https:\/\/sylcoautoglass.be\/fr\/wp-json\/wp\/v2\/pages"}],"about":[{"href":"https:\/\/sylcoautoglass.be\/fr\/wp-json\/wp\/v2\/types\/page"}],"author":[{"embeddable":true,"href":"https:\/\/sylcoautoglass.be\/fr\/wp-json\/wp\/v2\/users\/9"}],"replies":[{"embeddable":true,"href":"https:\/\/sylcoautoglass.be\/fr\/wp-json\/wp\/v2\/comments?post=2396"}],"version-history":[{"count":0,"href":"https:\/\/sylcoautoglass.be\/fr\/wp-json\/wp\/v2\/pages\/2396\/revisions"}],"wp:attachment":[{"href":"https:\/\/sylcoautoglass.be\/fr\/wp-json\/wp\/v2\/media?parent=2396"}],"curies":[{"name":"wp","href":"https:\/\/api.w.org\/{rel}","templated":true}]}}