{"id":2398,"date":"2016-06-14T10:38:31","date_gmt":"2016-06-14T09:38:31","guid":{"rendered":"http:\/\/sylco.nvandersom.dev.appsaloon.be\/fr\/?page_id=2398"},"modified":"2019-12-10T14:56:04","modified_gmt":"2019-12-10T12:56:04","slug":"pare-brise-prix","status":"publish","type":"page","link":"https:\/\/sylcoautoglass.be\/fr\/pare-brise-prix\/","title":{"rendered":"Tarifs"},"content":{"rendered":"<h3>Un Malentendu&nbsp;? Nous r\u00e9glons \u00e7a ensemble et n&#8217;importe o\u00f9.<\/h3>\n<h4>Vous avez d\u00e9j\u00e0 appel\u00e9 une grande entreprise avant de vous adresser \u00e0 nous? Ne vous inqui\u00e9tez pas, il est possible d&#8217;obtenir un nouveau pare-brise beaucoup moins cher. N&#8217;h\u00e9sitez pas \u00e0 demander plusieurs devis et \u00e0 comparer vous-m\u00eame les prix.<\/h4>\n<p><strong>Sylco autoglass<\/strong> <a href=\"tel:+3280090049\">0800 900 49<\/a><\/p>\n","protected":false},"excerpt":{"rendered":"<p>Un Malentendu&nbsp;? Nous r\u00e9glons \u00e7a ensemble et n&#8217;importe o\u00f9. Vous avez d\u00e9j\u00e0 appel\u00e9 une grande entreprise avant de vous adresser &hellip; <a href=\"https:\/\/sylcoautoglass.be\/fr\/pare-brise-prix\/\">[&#8230;]<\/a><\/p>\n","protected":false},"author":9,"featured_media":0,"parent":0,"menu_order":0,"comment_status":"closed","ping_status":"closed","template":"template-prijzen.php","meta":{"_acf_changed":false,"_seopress_robots_primary_cat":"","_seopress_titles_title":"","_seopress_titles_desc":"","_seopress_robots_index":"","footnotes":""},"class_list":["post-2398","page","type-page","status-publish","hentry"],"acf":[],"_links":{"self":[{"href":"https:\/\/sylcoautoglass.be\/fr\/wp-json\/wp\/v2\/pages\/2398","targetHints":{"allow":["GET"]}}],"collection":[{"href":"https:\/\/sylcoautoglass.be\/fr\/wp-json\/wp\/v2\/pages"}],"about":[{"href":"https:\/\/sylcoautoglass.be\/fr\/wp-json\/wp\/v2\/types\/page"}],"author":[{"embeddable":true,"href":"https:\/\/sylcoautoglass.be\/fr\/wp-json\/wp\/v2\/users\/9"}],"replies":[{"embeddable":true,"href":"https:\/\/sylcoautoglass.be\/fr\/wp-json\/wp\/v2\/comments?post=2398"}],"version-history":[{"count":0,"href":"https:\/\/sylcoautoglass.be\/fr\/wp-json\/wp\/v2\/pages\/2398\/revisions"}],"wp:attachment":[{"href":"https:\/\/sylcoautoglass.be\/fr\/wp-json\/wp\/v2\/media?parent=2398"}],"curies":[{"name":"wp","href":"https:\/\/api.w.org\/{rel}","templated":true}]}}