{"id":2399,"date":"2015-12-29T15:38:51","date_gmt":"2015-12-29T14:38:51","guid":{"rendered":"http:\/\/sylco.nvandersom.dev.appsaloon.be\/fr\/?page_id=2399"},"modified":"2019-12-10T16:20:04","modified_gmt":"2019-12-10T14:20:04","slug":"remplacement-pare-brise","status":"publish","type":"page","link":"https:\/\/sylcoautoglass.be\/fr\/remplacement-pare-brise\/","title":{"rendered":"Remplacement Pare-brise"},"content":{"rendered":"<h3>Les d\u00e9g\u00e2ts sur votre pare-brise, votre lunette arri\u00e8re ou votre vitre lat\u00e9rale sont trop importants? Il faut alors remplacer les vitrages de votre v\u00e9hicule. Nous vous aidons avec plaisir.<\/h3>\n<p><a class=\"btn btn-sylco btn-sylco-slider\" title=\"Demande devis\" href=\"http:\/\/www.sylcoautoglass.be\/fr\/devis\/\">Demande devis<\/a><\/p>\n","protected":false},"excerpt":{"rendered":"<p>Les d\u00e9g\u00e2ts sur votre pare-brise, votre lunette arri\u00e8re ou votre vitre lat\u00e9rale sont trop importants? Il faut alors remplacer les &hellip; <a href=\"https:\/\/sylcoautoglass.be\/fr\/remplacement-pare-brise\/\">[&#8230;]<\/a><\/p>\n","protected":false},"author":9,"featured_media":4999,"parent":0,"menu_order":0,"comment_status":"closed","ping_status":"closed","template":"template-replace.php","meta":{"_acf_changed":false,"_seopress_robots_primary_cat":"","_seopress_titles_title":"","_seopress_titles_desc":"","_seopress_robots_index":"","footnotes":""},"class_list":["post-2399","page","type-page","status-publish","has-post-thumbnail","hentry"],"acf":[],"_links":{"self":[{"href":"https:\/\/sylcoautoglass.be\/fr\/wp-json\/wp\/v2\/pages\/2399","targetHints":{"allow":["GET"]}}],"collection":[{"href":"https:\/\/sylcoautoglass.be\/fr\/wp-json\/wp\/v2\/pages"}],"about":[{"href":"https:\/\/sylcoautoglass.be\/fr\/wp-json\/wp\/v2\/types\/page"}],"author":[{"embeddable":true,"href":"https:\/\/sylcoautoglass.be\/fr\/wp-json\/wp\/v2\/users\/9"}],"replies":[{"embeddable":true,"href":"https:\/\/sylcoautoglass.be\/fr\/wp-json\/wp\/v2\/comments?post=2399"}],"version-history":[{"count":0,"href":"https:\/\/sylcoautoglass.be\/fr\/wp-json\/wp\/v2\/pages\/2399\/revisions"}],"wp:featuredmedia":[{"embeddable":true,"href":"https:\/\/sylcoautoglass.be\/fr\/wp-json\/wp\/v2\/media\/4999"}],"wp:attachment":[{"href":"https:\/\/sylcoautoglass.be\/fr\/wp-json\/wp\/v2\/media?parent=2399"}],"curies":[{"name":"wp","href":"https:\/\/api.w.org\/{rel}","templated":true}]}}